{"id":481,"date":"2023-04-25T15:26:17","date_gmt":"2023-04-25T13:26:17","guid":{"rendered":"https:\/\/govisupro.fr\/?page_id=481"},"modified":"2023-05-15T14:34:06","modified_gmt":"2023-05-15T12:34:06","slug":"lentreprise-occiview31","status":"publish","type":"page","link":"https:\/\/govisupro.fr\/en\/lentreprise-occiview31\/","title":{"rendered":"The OCCIVIEW31 company"},"content":{"rendered":"<div class=\"title-block fadein alignright\">\n         \n          <img decoding=\"async\" src=\"https:\/\/govisupro.fr\/wp-content\/uploads\/2023\/04\/typo-occiview.png\" width=\"\" alt=\"Arrow\"\/>\n         \n<\/div>\n\n\n\n<div style=\"height:200px\" aria-hidden=\"true\" class=\"wp-block-spacer\"><\/div>\n\n\n\n<section id=\"entreprise\" class=\"wp-block-group\"><div class=\"wp-block-group__inner-container is-layout-constrained wp-block-group-is-layout-constrained\">\n<h2 class=\"wp-block-heading has-text-align-center trait fadein\">The company <mark style=\"background-color:rgba(0, 0, 0, 0)\" class=\"has-inline-color has-rose-color\">OCCIVIEW31<\/mark><\/h2>\n\n\n\n<div style=\"height:50px\" aria-hidden=\"true\" class=\"wp-block-spacer\"><\/div>\n\n\n\n<div style=\"height:50px\" aria-hidden=\"true\" class=\"wp-block-spacer\"><\/div>\n\n\n\n<p class=\"has-text-align-center fadein go22 has-rose-color has-text-color\" style=\"font-size:25px\"><strong><em>OCCIVIEW31 was founded in Blagnac (Occitanie, France) by two <\/em><\/strong><br><strong><em>engineers from Toulouse. They decided to create an online solution <\/em><\/strong><br><strong><em>using the latest web technologies: GOVISUPRO.<\/em><\/strong><\/p>\n\n\n\n<div style=\"height:50px\" aria-hidden=\"true\" class=\"wp-block-spacer\"><\/div>\n\n\n\n\n \n    <div class=\"btn-block fadein aligncenter\">\n        <a href=\"\/en\/la-solution-govisupro\/\" class=\"cta color-rose\" target=\"_self\">\n          <span>The GOVISUPRO solution<\/span>\n          <svg width=\"13px\" height=\"10px\" viewbox=\"0 0 13 10\">\n            <path d=\"M1,5 L11,5\"><\/path>\n            <polyline points=\"8 1 12 5 8 9\"><\/polyline>\n          <\/svg>\n    <\/a>\n<\/div>\n\n\n\n<div style=\"height:50px\" aria-hidden=\"true\" class=\"wp-block-spacer mob\"><\/div>\n<\/div><\/section>\n\n\n\n<div id=\"partenaires\" class=\"wp-block-group fadein has-background\" style=\"background-color:#faca9317\"><div class=\"wp-block-group__inner-container is-layout-constrained wp-block-group-is-layout-constrained\">  \n<div class=\"title-block alignleft\">\n         \n          <img decoding=\"async\" src=\"https:\/\/govisupro.fr\/wp-content\/uploads\/2023\/04\/typo-partenaires.png\" width=\"\" alt=\"Arrow\"\/>\n         \n<\/div>\n\n\n\n<div style=\"height:260px\" aria-hidden=\"true\" class=\"wp-block-spacer\"><\/div>\n\n\n\n<section class=\"wp-block-group\"><div class=\"wp-block-group__inner-container is-layout-constrained wp-block-group-is-layout-constrained\">\n<h2 class=\"wp-block-heading has-text-align-center\">Our <mark style=\"background-color:rgba(0, 0, 0, 0)\" class=\"has-inline-color has-rose-color\">partners<\/mark><\/h2>\n\n\n\n<div style=\"height:50px\" aria-hidden=\"true\" class=\"wp-block-spacer desktop\"><\/div>\n\n\n\n<div class=\"wp-block-columns are-vertically-aligned-center is-layout-flex wp-container-core-columns-is-layout-9d6595d7 wp-block-columns-is-layout-flex\">\n<div class=\"wp-block-column is-vertically-aligned-center is-layout-flow wp-block-column-is-layout-flow\" style=\"flex-basis:25%\">\n<div style=\"height:20px\" aria-hidden=\"true\" class=\"wp-block-spacer desktop\"><\/div>\n<\/div>\n\n\n\n<div class=\"wp-block-column is-vertically-aligned-center is-layout-flow wp-block-column-is-layout-flow\" style=\"flex-basis:25%\"><div class=\"wp-block-image\">\n<figure class=\"aligncenter size-full\"><a href=\"https:\/\/www.fujitsu.com\/global\/\" target=\"_blank\" rel=\"noreferrer noopener\"><img loading=\"lazy\" decoding=\"async\" width=\"165\" height=\"76\" src=\"https:\/\/govisupro.fr\/wp-content\/uploads\/2023\/04\/Fujitsu-France-1.png\" alt=\"\" class=\"wp-image-520\" srcset=\"https:\/\/govisupro.fr\/wp-content\/uploads\/2023\/04\/Fujitsu-France-1.png 165w, https:\/\/govisupro.fr\/wp-content\/uploads\/2023\/04\/Fujitsu-France-1-68x31.png 68w\" sizes=\"auto, (max-width: 165px) 100vw, 165px\" \/><\/a><\/figure>\n<\/div>\n\n\n<div style=\"height:20px\" aria-hidden=\"true\" class=\"wp-block-spacer desktop\"><\/div>\n<\/div>\n\n\n\n<div class=\"wp-block-column is-vertically-aligned-center is-layout-flow wp-block-column-is-layout-flow\" style=\"flex-basis:25%\"><div class=\"wp-block-image\">\n<figure class=\"aligncenter size-full\"><a href=\"https:\/\/www.citeconcept.fr\/\" target=\"_blank\" rel=\"noreferrer noopener\"><img loading=\"lazy\" decoding=\"async\" width=\"143\" height=\"66\" src=\"https:\/\/govisupro.fr\/wp-content\/uploads\/2023\/04\/LOGO-1.png\" alt=\"\" class=\"wp-image-521\" srcset=\"https:\/\/govisupro.fr\/wp-content\/uploads\/2023\/04\/LOGO-1.png 143w, https:\/\/govisupro.fr\/wp-content\/uploads\/2023\/04\/LOGO-1-68x31.png 68w\" sizes=\"auto, (max-width: 143px) 100vw, 143px\" \/><\/a><\/figure>\n<\/div>\n\n\n<div style=\"height:20px\" aria-hidden=\"true\" class=\"wp-block-spacer desktop\"><\/div>\n<\/div>\n\n\n\n<div class=\"wp-block-column is-vertically-aligned-center is-layout-flow wp-block-column-is-layout-flow\" style=\"flex-basis:25%\"><div class=\"wp-block-image\">\n<figure class=\"aligncenter size-full\"><a href=\"https:\/\/www.dynascandisplay.com\/\" target=\"_blank\" rel=\"noreferrer noopener\"><img loading=\"lazy\" decoding=\"async\" width=\"237\" height=\"110\" src=\"https:\/\/govisupro.fr\/wp-content\/uploads\/2023\/04\/DynaScan_Logo.png\" alt=\"\" class=\"wp-image-497\" srcset=\"https:\/\/govisupro.fr\/wp-content\/uploads\/2023\/04\/DynaScan_Logo.png 237w, https:\/\/govisupro.fr\/wp-content\/uploads\/2023\/04\/DynaScan_Logo-68x32.png 68w\" sizes=\"auto, (max-width: 237px) 100vw, 237px\" \/><\/a><\/figure>\n<\/div>\n\n\n<div style=\"height:20px\" aria-hidden=\"true\" class=\"wp-block-spacer desktop\"><\/div>\n<\/div>\n\n\n\n<div class=\"wp-block-column is-vertically-aligned-center is-layout-flow wp-block-column-is-layout-flow\" style=\"flex-basis:25%\"><div class=\"wp-block-image\">\n<figure class=\"aligncenter size-full\"><a href=\"https:\/\/iiyama.com\/fr_fr\/\" target=\"_blank\" rel=\"noreferrer noopener\"><img loading=\"lazy\" decoding=\"async\" width=\"165\" height=\"76\" src=\"https:\/\/govisupro.fr\/wp-content\/uploads\/2023\/04\/96f01e7e644a55cc4737fcb94dbf45c7be0f664b.png\" alt=\"\" class=\"wp-image-498\" srcset=\"https:\/\/govisupro.fr\/wp-content\/uploads\/2023\/04\/96f01e7e644a55cc4737fcb94dbf45c7be0f664b.png 165w, https:\/\/govisupro.fr\/wp-content\/uploads\/2023\/04\/96f01e7e644a55cc4737fcb94dbf45c7be0f664b-68x31.png 68w\" sizes=\"auto, (max-width: 165px) 100vw, 165px\" \/><\/a><\/figure>\n<\/div>\n\n\n<div style=\"height:20px\" aria-hidden=\"true\" class=\"wp-block-spacer desktop\"><\/div>\n<\/div>\n\n\n\n<div class=\"wp-block-column is-vertically-aligned-center is-layout-flow wp-block-column-is-layout-flow\" style=\"flex-basis:25%\">\n<div style=\"height:20px\" aria-hidden=\"true\" class=\"wp-block-spacer desktop\"><\/div>\n<\/div>\n<\/div>\n<\/div><\/section>\n<\/div><\/div>","protected":false},"excerpt":{"rendered":"<p>L\u2019entreprise OCCIVIEW31 La soci\u00e9t\u00e9 OCCIVIEW31 a \u00e9t\u00e9 fond\u00e9e \u00e0 Blagnac (Occitanie) par [&hellip;]<\/p>","protected":false},"author":1,"featured_media":0,"parent":0,"menu_order":0,"comment_status":"closed","ping_status":"closed","template":"","meta":{"footnotes":""},"class_list":["post-481","page","type-page","status-publish","hentry"],"acf":[],"yoast_head":"<!-- This site is optimized with the Yoast SEO plugin v26.7 - https:\/\/yoast.com\/wordpress\/plugins\/seo\/ -->\n<title>L\u2019entreprise OCCIVIEW31 - GOVISUPRO<\/title>\n<meta name=\"robots\" content=\"index, follow, max-snippet:-1, max-image-preview:large, max-video-preview:-1\" \/>\n<link rel=\"canonical\" href=\"https:\/\/govisupro.fr\/en\/lentreprise-occiview31\/\" \/>\n<meta property=\"og:locale\" content=\"en_US\" \/>\n<meta property=\"og:type\" content=\"article\" \/>\n<meta property=\"og:title\" content=\"L\u2019entreprise OCCIVIEW31 - GOVISUPRO\" \/>\n<meta property=\"og:description\" content=\"L\u2019entreprise OCCIVIEW31 La soci\u00e9t\u00e9 OCCIVIEW31 a \u00e9t\u00e9 fond\u00e9e \u00e0 Blagnac (Occitanie) par [&hellip;]\" \/>\n<meta property=\"og:url\" content=\"https:\/\/govisupro.fr\/en\/lentreprise-occiview31\/\" \/>\n<meta property=\"og:site_name\" content=\"GOVISUPRO\" \/>\n<meta property=\"article:modified_time\" content=\"2023-05-15T12:34:06+00:00\" \/>\n<meta property=\"og:image\" content=\"https:\/\/govisupro.fr\/wp-content\/uploads\/2023\/04\/Fujitsu-France-1.png\" \/>\n<meta name=\"twitter:card\" content=\"summary_large_image\" \/>\n<meta name=\"twitter:label1\" content=\"Est. reading time\" \/>\n\t<meta name=\"twitter:data1\" content=\"1 minute\" \/>\n<script type=\"application\/ld+json\" class=\"yoast-schema-graph\">{\"@context\":\"https:\/\/schema.org\",\"@graph\":[{\"@type\":\"WebPage\",\"@id\":\"https:\/\/govisupro.fr\/lentreprise-occiview31\/\",\"url\":\"https:\/\/govisupro.fr\/lentreprise-occiview31\/\",\"name\":\"L\u2019entreprise OCCIVIEW31 - GOVISUPRO\",\"isPartOf\":{\"@id\":\"https:\/\/govisupro.fr\/#website\"},\"primaryImageOfPage\":{\"@id\":\"https:\/\/govisupro.fr\/lentreprise-occiview31\/#primaryimage\"},\"image\":{\"@id\":\"https:\/\/govisupro.fr\/lentreprise-occiview31\/#primaryimage\"},\"thumbnailUrl\":\"https:\/\/govisupro.fr\/wp-content\/uploads\/2023\/04\/Fujitsu-France-1.png\",\"datePublished\":\"2023-04-25T13:26:17+00:00\",\"dateModified\":\"2023-05-15T12:34:06+00:00\",\"breadcrumb\":{\"@id\":\"https:\/\/govisupro.fr\/lentreprise-occiview31\/#breadcrumb\"},\"inLanguage\":\"en-US\",\"potentialAction\":[{\"@type\":\"ReadAction\",\"target\":[\"https:\/\/govisupro.fr\/lentreprise-occiview31\/\"]}]},{\"@type\":\"ImageObject\",\"inLanguage\":\"en-US\",\"@id\":\"https:\/\/govisupro.fr\/lentreprise-occiview31\/#primaryimage\",\"url\":\"https:\/\/govisupro.fr\/wp-content\/uploads\/2023\/04\/Fujitsu-France-1.png\",\"contentUrl\":\"https:\/\/govisupro.fr\/wp-content\/uploads\/2023\/04\/Fujitsu-France-1.png\"},{\"@type\":\"BreadcrumbList\",\"@id\":\"https:\/\/govisupro.fr\/lentreprise-occiview31\/#breadcrumb\",\"itemListElement\":[{\"@type\":\"ListItem\",\"position\":1,\"name\":\"Home\",\"item\":\"https:\/\/govisupro.fr\/\"},{\"@type\":\"ListItem\",\"position\":2,\"name\":\"L\u2019entreprise OCCIVIEW31\"}]},{\"@type\":\"WebSite\",\"@id\":\"https:\/\/govisupro.fr\/#website\",\"url\":\"https:\/\/govisupro.fr\/\",\"name\":\"GOVISUPRO\",\"description\":\"G\u00e9rez vos \u00e9crans simplement\",\"publisher\":{\"@id\":\"https:\/\/govisupro.fr\/#organization\"},\"potentialAction\":[{\"@type\":\"SearchAction\",\"target\":{\"@type\":\"EntryPoint\",\"urlTemplate\":\"https:\/\/govisupro.fr\/?s={search_term_string}\"},\"query-input\":{\"@type\":\"PropertyValueSpecification\",\"valueRequired\":true,\"valueName\":\"search_term_string\"}}],\"inLanguage\":\"en-US\"},{\"@type\":\"Organization\",\"@id\":\"https:\/\/govisupro.fr\/#organization\",\"name\":\"Occiview31\",\"url\":\"https:\/\/govisupro.fr\/\",\"logo\":{\"@type\":\"ImageObject\",\"inLanguage\":\"en-US\",\"@id\":\"https:\/\/govisupro.fr\/#\/schema\/logo\/image\/\",\"url\":\"https:\/\/govisupro.fr\/wp-content\/uploads\/2023\/04\/LOGO_GOVISUPRO_Quadri.png\",\"contentUrl\":\"https:\/\/govisupro.fr\/wp-content\/uploads\/2023\/04\/LOGO_GOVISUPRO_Quadri.png\",\"width\":152,\"height\":70,\"caption\":\"Occiview31\"},\"image\":{\"@id\":\"https:\/\/govisupro.fr\/#\/schema\/logo\/image\/\"}}]}<\/script>\n<!-- \/ Yoast SEO plugin. -->","yoast_head_json":{"title":"L\u2019entreprise OCCIVIEW31 - GOVISUPRO","robots":{"index":"index","follow":"follow","max-snippet":"max-snippet:-1","max-image-preview":"max-image-preview:large","max-video-preview":"max-video-preview:-1"},"canonical":"https:\/\/govisupro.fr\/en\/lentreprise-occiview31\/","og_locale":"en_US","og_type":"article","og_title":"L\u2019entreprise OCCIVIEW31 - GOVISUPRO","og_description":"L\u2019entreprise OCCIVIEW31 La soci\u00e9t\u00e9 OCCIVIEW31 a \u00e9t\u00e9 fond\u00e9e \u00e0 Blagnac (Occitanie) par [&hellip;]","og_url":"https:\/\/govisupro.fr\/en\/lentreprise-occiview31\/","og_site_name":"GOVISUPRO","article_modified_time":"2023-05-15T12:34:06+00:00","og_image":[{"url":"https:\/\/govisupro.fr\/wp-content\/uploads\/2023\/04\/Fujitsu-France-1.png","type":"","width":"","height":""}],"twitter_card":"summary_large_image","twitter_misc":{"Est. reading time":"1 minute"},"schema":{"@context":"https:\/\/schema.org","@graph":[{"@type":"WebPage","@id":"https:\/\/govisupro.fr\/lentreprise-occiview31\/","url":"https:\/\/govisupro.fr\/lentreprise-occiview31\/","name":"L\u2019entreprise OCCIVIEW31 - GOVISUPRO","isPartOf":{"@id":"https:\/\/govisupro.fr\/#website"},"primaryImageOfPage":{"@id":"https:\/\/govisupro.fr\/lentreprise-occiview31\/#primaryimage"},"image":{"@id":"https:\/\/govisupro.fr\/lentreprise-occiview31\/#primaryimage"},"thumbnailUrl":"https:\/\/govisupro.fr\/wp-content\/uploads\/2023\/04\/Fujitsu-France-1.png","datePublished":"2023-04-25T13:26:17+00:00","dateModified":"2023-05-15T12:34:06+00:00","breadcrumb":{"@id":"https:\/\/govisupro.fr\/lentreprise-occiview31\/#breadcrumb"},"inLanguage":"en-US","potentialAction":[{"@type":"ReadAction","target":["https:\/\/govisupro.fr\/lentreprise-occiview31\/"]}]},{"@type":"ImageObject","inLanguage":"en-US","@id":"https:\/\/govisupro.fr\/lentreprise-occiview31\/#primaryimage","url":"https:\/\/govisupro.fr\/wp-content\/uploads\/2023\/04\/Fujitsu-France-1.png","contentUrl":"https:\/\/govisupro.fr\/wp-content\/uploads\/2023\/04\/Fujitsu-France-1.png"},{"@type":"BreadcrumbList","@id":"https:\/\/govisupro.fr\/lentreprise-occiview31\/#breadcrumb","itemListElement":[{"@type":"ListItem","position":1,"name":"Home","item":"https:\/\/govisupro.fr\/"},{"@type":"ListItem","position":2,"name":"L\u2019entreprise OCCIVIEW31"}]},{"@type":"WebSite","@id":"https:\/\/govisupro.fr\/#website","url":"https:\/\/govisupro.fr\/","name":"GOVISUPRO","description":"Manage your screens simply","publisher":{"@id":"https:\/\/govisupro.fr\/#organization"},"potentialAction":[{"@type":"SearchAction","target":{"@type":"EntryPoint","urlTemplate":"https:\/\/govisupro.fr\/?s={search_term_string}"},"query-input":{"@type":"PropertyValueSpecification","valueRequired":true,"valueName":"search_term_string"}}],"inLanguage":"en-US"},{"@type":"Organization","@id":"https:\/\/govisupro.fr\/#organization","name":"Occiview31","url":"https:\/\/govisupro.fr\/","logo":{"@type":"ImageObject","inLanguage":"en-US","@id":"https:\/\/govisupro.fr\/#\/schema\/logo\/image\/","url":"https:\/\/govisupro.fr\/wp-content\/uploads\/2023\/04\/LOGO_GOVISUPRO_Quadri.png","contentUrl":"https:\/\/govisupro.fr\/wp-content\/uploads\/2023\/04\/LOGO_GOVISUPRO_Quadri.png","width":152,"height":70,"caption":"Occiview31"},"image":{"@id":"https:\/\/govisupro.fr\/#\/schema\/logo\/image\/"}}]}},"_links":{"self":[{"href":"https:\/\/govisupro.fr\/en\/wp-json\/wp\/v2\/pages\/481","targetHints":{"allow":["GET"]}}],"collection":[{"href":"https:\/\/govisupro.fr\/en\/wp-json\/wp\/v2\/pages"}],"about":[{"href":"https:\/\/govisupro.fr\/en\/wp-json\/wp\/v2\/types\/page"}],"author":[{"embeddable":true,"href":"https:\/\/govisupro.fr\/en\/wp-json\/wp\/v2\/users\/1"}],"replies":[{"embeddable":true,"href":"https:\/\/govisupro.fr\/en\/wp-json\/wp\/v2\/comments?post=481"}],"version-history":[{"count":47,"href":"https:\/\/govisupro.fr\/en\/wp-json\/wp\/v2\/pages\/481\/revisions"}],"predecessor-version":[{"id":733,"href":"https:\/\/govisupro.fr\/en\/wp-json\/wp\/v2\/pages\/481\/revisions\/733"}],"wp:attachment":[{"href":"https:\/\/govisupro.fr\/en\/wp-json\/wp\/v2\/media?parent=481"}],"curies":[{"name":"wp","href":"https:\/\/api.w.org\/{rel}","templated":true}]}}