{"id":712,"date":"2023-05-10T10:36:36","date_gmt":"2023-05-10T08:36:36","guid":{"rendered":"https:\/\/govisupro.fr\/?page_id=712"},"modified":"2026-02-03T11:03:37","modified_gmt":"2026-02-03T10:03:37","slug":"mentions-legales","status":"publish","type":"page","link":"https:\/\/govisupro.fr\/en\/mentions-legales\/","title":{"rendered":"Terms of use"},"content":{"rendered":"<div style=\"height:77px\" aria-hidden=\"true\" class=\"wp-block-spacer\"><\/div>\n\n\n\n<section id=\"entreprise\" class=\"wp-block-group\"><div class=\"wp-block-group__inner-container is-layout-constrained wp-block-group-is-layout-constrained\">\n<h1 class=\"wp-block-heading has-text-align-center trait fadein\">Terms of use<\/h1>\n\n\n\n<div style=\"height:50px\" aria-hidden=\"true\" class=\"wp-block-spacer\"><\/div>\n\n\n\n<p class=\"has-text-align-center fadein has-medium-font-size\">In accordance with the provisions of French law no. 2004-575 of June 21, 2004 on confidence in the digital economy, users of the GoVisuPro website are informed of the identity of the various parties involved in its creation and follow-up.<\/p>\n\n\n\n<h2 class=\"wp-block-heading has-large-font-size\"><strong>Site editing&nbsp;<\/strong><\/h2>\n\n\n\n<p>This site, accessible at URL <a href=\"https:\/\/govisupro.fr\/en\/\" target=\"_blank\" rel=\"noreferrer noopener\">www.govisupro.fr<\/a> (the \u00abSite\u00bb), is published by :<\/p>\n\n\n\n<p><em><br><\/em>Occiview 31 , a company with share capital of 5,000 euros, registered with the R.C.S. of TOULOUSE under the number RCS Toulouse B 904 583 671, whose registered office is located at 130 Vieux Chemin de Grenade 31700 BLAGNAC, represented by Denis BONNEFILLE-FOURMENT, duly authorized.<\/p>\n\n\n\n<p>The publisher's individual VAT number is: FR67904583671.<\/p>\n\n\n\n<h2 class=\"wp-block-heading has-large-font-size\"><strong>Hosting<\/strong><\/h2>\n\n\n\n<p>The Site is hosted by OVH SAS, located at 2 rue Kellermann - BP 80157 - 59053 Roubaix Cedex 1, (telephone contact or e-mail: 1007).<\/p>\n\n\n\n<h2 class=\"wp-block-heading has-large-font-size\"><strong>Publishing Director&nbsp;<\/strong><\/h2>\n\n\n\n<p>The Site's Publishing Director is Denis BONNEFILLE-FOURMENT.<\/p>\n\n\n\n<h2 class=\"wp-block-heading has-large-font-size\"><strong>Contact us&nbsp;<\/strong><\/h2>\n\n\n\n<p>By phone: +33674475815<\/p>\n\n\n\n<p>By email : <a href=\"mailto:denis@govisupro.com\" target=\"_blank\" rel=\"noreferrer noopener\">denis@govisupro.com<\/a><\/p>\n\n\n\n<p>By post: 130 Vieux Chemin de Grenade 31700 BLAGNAC<\/p>\n\n\n\n<h2 class=\"wp-block-heading has-large-font-size\"><strong>Personal data<\/strong><\/h2>\n\n\n\n<p>The processing of your personal data is governed by our Privacy Charter, available from the \u00abPersonal Data Protection Charter\u00bb section, in accordance with the General Data Protection Regulation 2016\/679 of April 27, 2016 (\u00abGDPR\u00bb).<\/p>\n\n\n\n<div style=\"height:50px\" aria-hidden=\"true\" class=\"wp-block-spacer\"><\/div>\n\n\n\n<div style=\"height:50px\" aria-hidden=\"true\" class=\"wp-block-spacer mob\"><\/div>\n<\/div><\/section>","protected":false},"excerpt":{"rendered":"<p>Legal Notice In accordance with the provisions of Law No. 2004-575 of June 21 [...]<\/p>","protected":false},"author":2,"featured_media":0,"parent":0,"menu_order":0,"comment_status":"closed","ping_status":"closed","template":"","meta":{"footnotes":""},"class_list":["post-712","page","type-page","status-publish","hentry"],"acf":[],"yoast_head":"<!-- This site is optimized with the Yoast SEO plugin v26.7 - https:\/\/yoast.com\/wordpress\/plugins\/seo\/ -->\n<title>Mentions l\u00e9gales - GOVISUPRO<\/title>\n<meta name=\"robots\" content=\"noindex, nofollow\" \/>\n<meta property=\"og:locale\" content=\"en_US\" \/>\n<meta property=\"og:type\" content=\"article\" \/>\n<meta property=\"og:title\" content=\"Mentions l\u00e9gales - GOVISUPRO\" \/>\n<meta property=\"og:description\" content=\"Mentions l\u00e9gales Conform\u00e9ment aux dispositions de la loi n\u00b0 2004-575 du 21 [&hellip;]\" \/>\n<meta property=\"og:url\" content=\"https:\/\/govisupro.fr\/en\/mentions-legales\/\" \/>\n<meta property=\"og:site_name\" content=\"GOVISUPRO\" \/>\n<meta property=\"article:modified_time\" content=\"2026-02-03T10:03:37+00:00\" \/>\n<meta property=\"og:image\" content=\"https:\/\/govisupro.fr\/wp-content\/uploads\/2023\/04\/cropped-cropped-go-1.png\" \/>\n\t<meta property=\"og:image:width\" content=\"190\" \/>\n\t<meta property=\"og:image:height\" content=\"190\" \/>\n\t<meta property=\"og:image:type\" content=\"image\/png\" \/>\n<meta name=\"twitter:card\" content=\"summary_large_image\" \/>\n<meta name=\"twitter:label1\" content=\"Est. reading time\" \/>\n\t<meta name=\"twitter:data1\" content=\"2 minutes\" \/>\n<script type=\"application\/ld+json\" class=\"yoast-schema-graph\">{\"@context\":\"https:\/\/schema.org\",\"@graph\":[{\"@type\":\"WebPage\",\"@id\":\"https:\/\/govisupro.fr\/mentions-legales\/\",\"url\":\"https:\/\/govisupro.fr\/mentions-legales\/\",\"name\":\"Mentions l\u00e9gales - GOVISUPRO\",\"isPartOf\":{\"@id\":\"https:\/\/govisupro.fr\/#website\"},\"datePublished\":\"2023-05-10T08:36:36+00:00\",\"dateModified\":\"2026-02-03T10:03:37+00:00\",\"breadcrumb\":{\"@id\":\"https:\/\/govisupro.fr\/mentions-legales\/#breadcrumb\"},\"inLanguage\":\"en-US\",\"potentialAction\":[{\"@type\":\"ReadAction\",\"target\":[\"https:\/\/govisupro.fr\/mentions-legales\/\"]}]},{\"@type\":\"BreadcrumbList\",\"@id\":\"https:\/\/govisupro.fr\/mentions-legales\/#breadcrumb\",\"itemListElement\":[{\"@type\":\"ListItem\",\"position\":1,\"name\":\"Home\",\"item\":\"https:\/\/govisupro.fr\/\"},{\"@type\":\"ListItem\",\"position\":2,\"name\":\"Mentions l\u00e9gales\"}]},{\"@type\":\"WebSite\",\"@id\":\"https:\/\/govisupro.fr\/#website\",\"url\":\"https:\/\/govisupro.fr\/\",\"name\":\"GOVISUPRO\",\"description\":\"G\u00e9rez vos \u00e9crans simplement\",\"publisher\":{\"@id\":\"https:\/\/govisupro.fr\/#organization\"},\"potentialAction\":[{\"@type\":\"SearchAction\",\"target\":{\"@type\":\"EntryPoint\",\"urlTemplate\":\"https:\/\/govisupro.fr\/?s={search_term_string}\"},\"query-input\":{\"@type\":\"PropertyValueSpecification\",\"valueRequired\":true,\"valueName\":\"search_term_string\"}}],\"inLanguage\":\"en-US\"},{\"@type\":\"Organization\",\"@id\":\"https:\/\/govisupro.fr\/#organization\",\"name\":\"Occiview31\",\"url\":\"https:\/\/govisupro.fr\/\",\"logo\":{\"@type\":\"ImageObject\",\"inLanguage\":\"en-US\",\"@id\":\"https:\/\/govisupro.fr\/#\/schema\/logo\/image\/\",\"url\":\"https:\/\/govisupro.fr\/wp-content\/uploads\/2023\/04\/LOGO_GOVISUPRO_Quadri.png\",\"contentUrl\":\"https:\/\/govisupro.fr\/wp-content\/uploads\/2023\/04\/LOGO_GOVISUPRO_Quadri.png\",\"width\":152,\"height\":70,\"caption\":\"Occiview31\"},\"image\":{\"@id\":\"https:\/\/govisupro.fr\/#\/schema\/logo\/image\/\"}}]}<\/script>\n<!-- \/ Yoast SEO plugin. -->","yoast_head_json":{"title":"Legal information - GOVISUPRO","robots":{"index":"noindex","follow":"nofollow"},"og_locale":"en_US","og_type":"article","og_title":"Mentions l\u00e9gales - GOVISUPRO","og_description":"Mentions l\u00e9gales Conform\u00e9ment aux dispositions de la loi n\u00b0 2004-575 du 21 [&hellip;]","og_url":"https:\/\/govisupro.fr\/en\/mentions-legales\/","og_site_name":"GOVISUPRO","article_modified_time":"2026-02-03T10:03:37+00:00","og_image":[{"width":190,"height":190,"url":"https:\/\/govisupro.fr\/wp-content\/uploads\/2023\/04\/cropped-cropped-go-1.png","type":"image\/png"}],"twitter_card":"summary_large_image","twitter_misc":{"Est. reading time":"2 minutes"},"schema":{"@context":"https:\/\/schema.org","@graph":[{"@type":"WebPage","@id":"https:\/\/govisupro.fr\/mentions-legales\/","url":"https:\/\/govisupro.fr\/mentions-legales\/","name":"Legal information - GOVISUPRO","isPartOf":{"@id":"https:\/\/govisupro.fr\/#website"},"datePublished":"2023-05-10T08:36:36+00:00","dateModified":"2026-02-03T10:03:37+00:00","breadcrumb":{"@id":"https:\/\/govisupro.fr\/mentions-legales\/#breadcrumb"},"inLanguage":"en-US","potentialAction":[{"@type":"ReadAction","target":["https:\/\/govisupro.fr\/mentions-legales\/"]}]},{"@type":"BreadcrumbList","@id":"https:\/\/govisupro.fr\/mentions-legales\/#breadcrumb","itemListElement":[{"@type":"ListItem","position":1,"name":"Home","item":"https:\/\/govisupro.fr\/"},{"@type":"ListItem","position":2,"name":"Mentions l\u00e9gales"}]},{"@type":"WebSite","@id":"https:\/\/govisupro.fr\/#website","url":"https:\/\/govisupro.fr\/","name":"GOVISUPRO","description":"Manage your screens simply","publisher":{"@id":"https:\/\/govisupro.fr\/#organization"},"potentialAction":[{"@type":"SearchAction","target":{"@type":"EntryPoint","urlTemplate":"https:\/\/govisupro.fr\/?s={search_term_string}"},"query-input":{"@type":"PropertyValueSpecification","valueRequired":true,"valueName":"search_term_string"}}],"inLanguage":"en-US"},{"@type":"Organization","@id":"https:\/\/govisupro.fr\/#organization","name":"Occiview31","url":"https:\/\/govisupro.fr\/","logo":{"@type":"ImageObject","inLanguage":"en-US","@id":"https:\/\/govisupro.fr\/#\/schema\/logo\/image\/","url":"https:\/\/govisupro.fr\/wp-content\/uploads\/2023\/04\/LOGO_GOVISUPRO_Quadri.png","contentUrl":"https:\/\/govisupro.fr\/wp-content\/uploads\/2023\/04\/LOGO_GOVISUPRO_Quadri.png","width":152,"height":70,"caption":"Occiview31"},"image":{"@id":"https:\/\/govisupro.fr\/#\/schema\/logo\/image\/"}}]}},"_links":{"self":[{"href":"https:\/\/govisupro.fr\/en\/wp-json\/wp\/v2\/pages\/712","targetHints":{"allow":["GET"]}}],"collection":[{"href":"https:\/\/govisupro.fr\/en\/wp-json\/wp\/v2\/pages"}],"about":[{"href":"https:\/\/govisupro.fr\/en\/wp-json\/wp\/v2\/types\/page"}],"author":[{"embeddable":true,"href":"https:\/\/govisupro.fr\/en\/wp-json\/wp\/v2\/users\/2"}],"replies":[{"embeddable":true,"href":"https:\/\/govisupro.fr\/en\/wp-json\/wp\/v2\/comments?post=712"}],"version-history":[{"count":6,"href":"https:\/\/govisupro.fr\/en\/wp-json\/wp\/v2\/pages\/712\/revisions"}],"predecessor-version":[{"id":773,"href":"https:\/\/govisupro.fr\/en\/wp-json\/wp\/v2\/pages\/712\/revisions\/773"}],"wp:attachment":[{"href":"https:\/\/govisupro.fr\/en\/wp-json\/wp\/v2\/media?parent=712"}],"curies":[{"name":"wp","href":"https:\/\/api.w.org\/{rel}","templated":true}]}}